{"id":11,"date":"2008-07-09T22:03:46","date_gmt":"2008-07-09T20:03:46","guid":{"rendered":"http:\/\/buerokraft48.de\/buerodienst\/?page_id=11"},"modified":"2011-10-27T01:06:14","modified_gmt":"2011-10-26T23:06:14","slug":"faq-fragen-und","status":"publish","type":"page","link":"http:\/\/buerokraft48.de\/buerodienst\/aktuell\/faq-fragen-und\/","title":{"rendered":"FAQ"},"content":{"rendered":"<p><span style=\"color: #ff9900;\"><strong>K\u00f6nnen Sie das alles auch, was Sie da anbieten?<\/strong><\/span><br \/>\nGrunds\u00e4tzlich mache ich nur das, was ich wirklich gut kann.<br \/>\nDaher habe ich in einigen Bereichen verl\u00e4\u00dfliche Partner, mit denen ich zusammenarbeite\u00a0 <a title=\"Netzwerk\" href=\"http:\/\/buerokraft48.de\/buerodienst\/?page_id=539\">Netzwerk<\/a><\/p>\n<p><span style=\"color: #ff9900;\"><strong>Sind meine Unterlagen bei Ihnen in guten H\u00e4nden?<\/strong><\/span><br \/>\nIch quittiere Ihnen die \u00dcbergabe Ihrer Unterlagen. Gerne mache ich auch bei gr\u00f6\u00dferem Umfang Digitalfotos. Ich habe abschlie\u00dfbare Kundenschr\u00e4nke, in denen die Dinge vor\u00fcbergehend ihren Platz finden.<\/p>\n<p><span style=\"color: #ff9900;\"><strong>Was ist mit Datenschutz?<\/strong><\/span><br \/>\nSichere Unterbringung der Unterlagen, Diskretion und Datenschutz: Ich denke immer, das ist selbstverst\u00e4ndlich! Anders w\u00e4re nicht sehr professionell und sicher kontraproduktiv. Vor allem im Home-Office! Zu den Kundenschr\u00e4nken hat niemand Zugriff und alles was an Altpapier anf\u00e4llt, geht grunds\u00e4tzlich durch einen Aktenvernichter&#8230; CDs zur Datensicherung werden vor der Abgabe an den Recyclingbetrieb zerst\u00f6rt. Elektronische Post mit vertraulichen Daten wird PGP abgesichert versendet. Wir weisen trotzdem darauf hin, dass die Daten\u00fcbertragung im Internet (z.B. bei der Kommunikation per E-Mail) Sicherheitsl\u00fccken aufweisen kann. Ein l\u00fcckenloser Schutz der Daten vor dem Zugriff durch Dritte ist nicht m\u00f6glich.<\/p>\n<p><span style=\"color: #ff9900;\"><strong>Terminsicherheit?<\/strong><\/span><br \/>\nWas macht ein Ein-Frau-Betrieb bei Termindruck und Ausfall durch Krankheit? Wir haben uns vernetzt: 3 B\u00fcrodienste in der Region haben eine Zusammenarbeit vereinbart, so dass Ausf\u00e4lle in den sensiblen Bereichen vermieden werden. Geradezu die Idealbesetzung f\u00fcr Notfalleins\u00e4tze ist meine Tochter Christine Burghardt, Betriebswirtin und BWL-Studentin an der FH Aachen. Da kann ja nichts mehr schiefgehen ;-)<\/p>\n<p><span style=\"color: #ff9900;\"><strong>&#8230;wird bestimmt fortgesetzt ;-)<\/strong><\/span><\/p>\n","protected":false},"excerpt":{"rendered":"<p>K\u00f6nnen Sie das alles auch, was Sie da anbieten? Grunds\u00e4tzlich mache ich nur das, was ich wirklich gut kann. Daher habe ich in einigen Bereichen verl\u00e4\u00dfliche Partner, mit denen ich&hellip;&nbsp;<a href=\"http:\/\/buerokraft48.de\/buerodienst\/aktuell\/faq-fragen-und\/\" class=\"\" rel=\"bookmark\">Weiterlesen &raquo;<span class=\"screen-reader-text\">FAQ<\/span><\/a><\/p>\n","protected":false},"author":1,"featured_media":0,"parent":5,"menu_order":3,"comment_status":"open","ping_status":"open","template":"","meta":{"neve_meta_sidebar":"","neve_meta_container":"","neve_meta_enable_content_width":"","neve_meta_content_width":0,"neve_meta_title_alignment":"","neve_meta_author_avatar":"","neve_post_elements_order":"","neve_meta_disable_header":"","neve_meta_disable_footer":"","neve_meta_disable_title":"","jetpack_post_was_ever_published":false},"jetpack_shortlink":"https:\/\/wp.me\/P2Big0-b","jetpack_sharing_enabled":true,"_links":{"self":[{"href":"http:\/\/buerokraft48.de\/buerodienst\/wp-json\/wp\/v2\/pages\/11"}],"collection":[{"href":"http:\/\/buerokraft48.de\/buerodienst\/wp-json\/wp\/v2\/pages"}],"about":[{"href":"http:\/\/buerokraft48.de\/buerodienst\/wp-json\/wp\/v2\/types\/page"}],"author":[{"embeddable":true,"href":"http:\/\/buerokraft48.de\/buerodienst\/wp-json\/wp\/v2\/users\/1"}],"replies":[{"embeddable":true,"href":"http:\/\/buerokraft48.de\/buerodienst\/wp-json\/wp\/v2\/comments?post=11"}],"version-history":[{"count":7,"href":"http:\/\/buerokraft48.de\/buerodienst\/wp-json\/wp\/v2\/pages\/11\/revisions"}],"predecessor-version":[{"id":61,"href":"http:\/\/buerokraft48.de\/buerodienst\/wp-json\/wp\/v2\/pages\/11\/revisions\/61"}],"up":[{"embeddable":true,"href":"http:\/\/buerokraft48.de\/buerodienst\/wp-json\/wp\/v2\/pages\/5"}],"wp:attachment":[{"href":"http:\/\/buerokraft48.de\/buerodienst\/wp-json\/wp\/v2\/media?parent=11"}],"curies":[{"name":"wp","href":"https:\/\/api.w.org\/{rel}","templated":true}]}}