{"id":10,"date":"2008-07-09T21:18:34","date_gmt":"2008-07-09T19:18:34","guid":{"rendered":"http:\/\/buerokraft48.de\/buerodienst\/?page_id=10"},"modified":"2021-02-04T13:47:58","modified_gmt":"2021-02-04T11:47:58","slug":"buro-kratie","status":"publish","type":"page","link":"http:\/\/buerokraft48.de\/buerodienst\/buroorganisation\/buro-kratie\/","title":{"rendered":"B\u00fcro-kratie"},"content":{"rendered":"<p>&#8211; Sortieren und Ordnen Ihrer Unterlagen<\/p>\n<p>&#8211; Vorbereitende Buchhaltung<span style=\"color: #ff9900;\"><strong>*<\/strong><\/span> und Lohnbuchhaltung<strong><span style=\"color: #ff9900;\">*<\/span><\/strong><\/p>\n<ul>\n<li>Kontierung<\/li>\n<li>Buchen laufender Gesch\u00e4ftsvorf\u00e4lle<\/li>\n<li>Datenerfassung zum Zwecke der EDV-Buchf\u00fchrung<strong><span style=\"color: #ff9900;\">*<\/span><\/strong><\/li>\n<li>betriebswirtschaftliche Auswertung des Zahlenmaterials (Kennzahlen, Analysen)<\/li>\n<li>steuerlich irrelevante Hilfeleistung bei der Wahl des Buchf\u00fchrungssystems, der Software und der Art und Weise der Belegerfassung<\/li>\n<\/ul>\n<p>&#8211; Erstellung von Fristenpl\u00e4nen und &#8222;Erinnerungsservice&#8220;<\/p>\n<p>&#8211; Gesch\u00e4ftsberichte und Finanzpl\u00e4ne (Liquidit\u00e4t, Soll-Ist, Statistik und Kennzahlen)<\/p>\n<p>&#8211;\u00a0 Die Erstellung der Anlage EKS zum Antrag auf Arbeitslosengeld II ist eine Rechtsdienstleistung, die Rechtsanw\u00e4lten vorbehalten ist. Adressen von hierin erfahrenen Rechtsanw\u00e4lten im Raum Aachen und allgemeine Informationen erhalten Sie regelm\u00e4\u00dfig <a href=\"http:\/\/buerokraft48.de\/buerodienst\/seminare\/\">auf den Treffen in Aachen und Viersen.<\/a> Zur Anlage EKS habe ich gemeinsam mit anderen eine Exel-Datei zur Berechnung erstellt. Mehr unter <a title=\"Download Exceldatei Anlge EKS\" href=\"http:\/\/buerokraft48.de\/buerodienst\/download\/\">Vordruck Anlage EKS als Excel-Datei<\/a><\/p>\n<p>F\u00fcr die Begleitung\/Beistandschaft zu JobCenter-Terminen und Besprechungen in der Leistungsabteilung wenden Sie sich bitte an die Beratungsstelle ARBEIT der St\u00e4dteRegion Aachen (KAB Aachen), Tel. 0241 &#8211; 51 000 836\u00a0<\/p>\n<p><strong><br \/>Mitgliedschaften:<\/strong><br \/>b.b.h. <a title=\"Bundesverband f\u00fcr Buchhalter \" href=\"http:\/\/www.bbh.de\">Bundesverbandes selbst\u00e4ndiger Buchhalter und Bilanzbuchhalter<\/a><\/p>\n<p><strong><span style=\"color: #ff9900;\">*<em>Meine Dienstleistung umfasst das Buchen laufender Gesch\u00e4ftsvorf\u00e4lle und die laufende Lohnabrechnung.<\/em><\/span><\/strong><\/p>\n\n","protected":false},"excerpt":{"rendered":"<p>&#8211; Sortieren und Ordnen Ihrer Unterlagen &#8211; Vorbereitende Buchhaltung* und Lohnbuchhaltung* Kontierung Buchen laufender Gesch\u00e4ftsvorf\u00e4lle Datenerfassung zum Zwecke der EDV-Buchf\u00fchrung* betriebswirtschaftliche Auswertung des Zahlenmaterials (Kennzahlen, Analysen) steuerlich irrelevante Hilfeleistung bei&hellip;&nbsp;<a href=\"http:\/\/buerokraft48.de\/buerodienst\/buroorganisation\/buro-kratie\/\" class=\"\" rel=\"bookmark\">Weiterlesen &raquo;<span class=\"screen-reader-text\">B\u00fcro-kratie<\/span><\/a><\/p>\n","protected":false},"author":1,"featured_media":0,"parent":6,"menu_order":1,"comment_status":"closed","ping_status":"open","template":"","meta":{"neve_meta_sidebar":"","neve_meta_container":"","neve_meta_enable_content_width":"","neve_meta_content_width":0,"neve_meta_title_alignment":"","neve_meta_author_avatar":"","neve_post_elements_order":"","neve_meta_disable_header":"","neve_meta_disable_footer":"","neve_meta_disable_title":"","jetpack_post_was_ever_published":false},"jetpack_shortlink":"https:\/\/wp.me\/P2Big0-a","jetpack_sharing_enabled":true,"_links":{"self":[{"href":"http:\/\/buerokraft48.de\/buerodienst\/wp-json\/wp\/v2\/pages\/10"}],"collection":[{"href":"http:\/\/buerokraft48.de\/buerodienst\/wp-json\/wp\/v2\/pages"}],"about":[{"href":"http:\/\/buerokraft48.de\/buerodienst\/wp-json\/wp\/v2\/types\/page"}],"author":[{"embeddable":true,"href":"http:\/\/buerokraft48.de\/buerodienst\/wp-json\/wp\/v2\/users\/1"}],"replies":[{"embeddable":true,"href":"http:\/\/buerokraft48.de\/buerodienst\/wp-json\/wp\/v2\/comments?post=10"}],"version-history":[{"count":17,"href":"http:\/\/buerokraft48.de\/buerodienst\/wp-json\/wp\/v2\/pages\/10\/revisions"}],"predecessor-version":[{"id":1361,"href":"http:\/\/buerokraft48.de\/buerodienst\/wp-json\/wp\/v2\/pages\/10\/revisions\/1361"}],"up":[{"embeddable":true,"href":"http:\/\/buerokraft48.de\/buerodienst\/wp-json\/wp\/v2\/pages\/6"}],"wp:attachment":[{"href":"http:\/\/buerokraft48.de\/buerodienst\/wp-json\/wp\/v2\/media?parent=10"}],"curies":[{"name":"wp","href":"https:\/\/api.w.org\/{rel}","templated":true}]}}